{"id":680,"date":"2026-04-15T19:56:34","date_gmt":"2026-04-15T19:56:34","guid":{"rendered":"https:\/\/salas.com.co\/?page_id=680"},"modified":"2026-04-16T17:41:40","modified_gmt":"2026-04-16T17:41:40","slug":"equipo","status":"publish","type":"page","link":"https:\/\/salas.com.co\/en\/equipo\/","title":{"rendered":"Equipo"},"content":{"rendered":"<div data-elementor-type=\"wp-page\" data-elementor-id=\"680\" class=\"elementor elementor-680\" data-elementor-post-type=\"page\">\n\t\t\t\t<div class=\"elementor-element elementor-element-e9b5627 e-flex e-con-boxed elementor-invisible e-con e-parent\" data-id=\"e9b5627\" data-element_type=\"container\" data-e-type=\"container\" data-settings=\"{&quot;background_background&quot;:&quot;classic&quot;,&quot;animation&quot;:&quot;fadeInDown&quot;}\">\n\t\t\t\t\t<div class=\"e-con-inner\">\n\t\t\t\t<div class=\"elementor-element elementor-element-adaa5ee elementor-widget elementor-widget-heading\" data-id=\"adaa5ee\" data-element_type=\"widget\" data-e-type=\"widget\" data-widget_type=\"heading.default\">\n\t\t\t\t\t<h1 class=\"elementor-heading-title elementor-size-default\">Equipo<\/h1>\t\t\t\t<\/div>\n\t\t\t\t\t<\/div>\n\t\t\t\t<\/div>\n\t\t<div class=\"elementor-element elementor-element-1099c64 e-flex e-con-boxed elementor-invisible e-con e-parent\" data-id=\"1099c64\" data-element_type=\"container\" data-e-type=\"container\" data-settings=\"{&quot;animation&quot;:&quot;fadeIn&quot;}\">\n\t\t\t\t\t<div class=\"e-con-inner\">\n\t\t<div class=\"elementor-element elementor-element-da3c61c e-con-full elementor-hidden-mobile e-flex e-con e-child\" data-id=\"da3c61c\" data-element_type=\"container\" data-e-type=\"container\">\n\t\t\t\t<\/div>\n\t\t<div class=\"elementor-element elementor-element-8dc1df8 e-con-full e-flex e-con e-child\" data-id=\"8dc1df8\" data-element_type=\"container\" data-e-type=\"container\" data-settings=\"{&quot;background_background&quot;:&quot;classic&quot;}\">\n\t\t\t\t<div class=\"elementor-element elementor-element-db38fc2 elementor-widget elementor-widget-text-editor\" data-id=\"db38fc2\" data-element_type=\"widget\" data-e-type=\"widget\" data-widget_type=\"text-editor.default\">\n\t\t\t\t\t\t\t\t\t<p>Detr\u00e1s de cada asunto, un socio que conoce el sector, entiende lo que est\u00e1 en juego para el negocio del cliente, y transforma ese conocimiento en decisiones que generan valor m\u00e1s all\u00e1 de ganar el caso.<\/p>\t\t\t\t\t\t\t\t<\/div>\n\t\t\t\t<\/div>\n\t\t\t\t\t<\/div>\n\t\t\t\t<\/div>\n\t\t<div class=\"elementor-element elementor-element-cb6d047 animated-fast e-flex e-con-boxed elementor-invisible e-con e-parent\" data-id=\"cb6d047\" data-element_type=\"container\" data-e-type=\"container\" id=\"Elizabeth-Salas\" data-settings=\"{&quot;animation&quot;:&quot;fadeInUp&quot;}\">\n\t\t\t\t\t<div class=\"e-con-inner\">\n\t\t<div class=\"elementor-element elementor-element-9eb90c6 e-con-full e-flex e-con e-child\" data-id=\"9eb90c6\" data-element_type=\"container\" data-e-type=\"container\">\n\t\t\t\t<div class=\"elementor-element elementor-element-973d064 elementor-widget elementor-widget-image\" data-id=\"973d064\" data-element_type=\"widget\" data-e-type=\"widget\" data-widget_type=\"image.default\">\n\t\t\t\t\t\t\t\t\t\t\t\t\t\t\t<img fetchpriority=\"high\" decoding=\"async\" width=\"750\" height=\"1116\" src=\"https:\/\/salas.com.co\/wp-content\/uploads\/2026\/04\/Elizabeth-Salas-perfil.jpg\" class=\"attachment-full size-full wp-image-683\" alt=\"\" srcset=\"https:\/\/salas.com.co\/wp-content\/uploads\/2026\/04\/Elizabeth-Salas-perfil.jpg 750w, https:\/\/salas.com.co\/wp-content\/uploads\/2026\/04\/Elizabeth-Salas-perfil-202x300.jpg 202w, https:\/\/salas.com.co\/wp-content\/uploads\/2026\/04\/Elizabeth-Salas-perfil-688x1024.jpg 688w, https:\/\/salas.com.co\/wp-content\/uploads\/2026\/04\/Elizabeth-Salas-perfil-8x12.jpg 8w\" sizes=\"(max-width: 750px) 100vw, 750px\" \/>\t\t\t\t\t\t\t\t\t\t\t\t\t\t\t<\/div>\n\t\t\t\t<\/div>\n\t\t<div class=\"elementor-element elementor-element-90e0c40 e-con-full e-flex e-con e-child\" data-id=\"90e0c40\" data-element_type=\"container\" data-e-type=\"container\" data-settings=\"{&quot;background_background&quot;:&quot;classic&quot;}\">\n\t\t\t\t<div class=\"elementor-element elementor-element-99f7e63 elementor-widget elementor-widget-heading\" data-id=\"99f7e63\" data-element_type=\"widget\" data-e-type=\"widget\" data-widget_type=\"heading.default\">\n\t\t\t\t\t<h2 class=\"elementor-heading-title elementor-size-default\">Elizabeth Salas<\/h2>\t\t\t\t<\/div>\n\t\t\t\t<div class=\"elementor-element elementor-element-57d350a elementor-widget elementor-widget-heading\" data-id=\"57d350a\" data-element_type=\"widget\" data-e-type=\"widget\" data-widget_type=\"heading.default\">\n\t\t\t\t\t<h3 class=\"elementor-heading-title elementor-size-default\">Socia Fundadora <\/h3>\t\t\t\t<\/div>\n\t\t\t\t<div class=\"elementor-element elementor-element-e30d6d5 elementor-widget elementor-widget-text-editor\" data-id=\"e30d6d5\" data-element_type=\"widget\" data-e-type=\"widget\" data-widget_type=\"text-editor.default\">\n\t\t\t\t\t\t\t\t\t<p><strong>Directora de la Pr\u00e1ctica de Derecho Mar\u00edtimo y Portuario<br \/><br \/><\/strong>Elizabeth Salas Jim\u00e9nez es la referencia en Colombia en estructuraci\u00f3n y ejecuci\u00f3n de concesiones mar\u00edtimas y portuarias. Fundadora de Salas en 1993, construy\u00f3 esa reputaci\u00f3n desde adentro del sistema: como Jefe de la Oficina Jur\u00eddica de la Direcci\u00f3n General Mar\u00edtima (DIMAR), particip\u00f3 directamente en el desarrollo del marco normativo mar\u00edtimo colombiano y en la estructuraci\u00f3n de las concesiones portuarias de mayor impacto en el pa\u00eds. Quien contrata a Elizabeth no contrata a alguien que estudi\u00f3 el sector: contrata a quien ayud\u00f3 a construirlo.<\/p><p>Ha asesorado y representado a entidades p\u00fablicas, autoridades mar\u00edtimas y empresas del sector ante autoridades administrativas y jurisdicciones contencioso-administrativas en Colombia y otras jurisdicciones latinoamericanas, con m\u00e1s de tres d\u00e9cadas de experiencia continua en sus asuntos m\u00e1s complejos.<\/p><p>Presidenta de la Asociaci\u00f3n Colombiana de Derecho Mar\u00edtimo (ACOLDEMAR) de 2017 a 2021 y de nuevo de 2024 a 2026, y conferencista habitual en foros nacionales e internacionales sobre regulaci\u00f3n mar\u00edtima, pol\u00edtica p\u00fablica y concesiones.<\/p>\t\t\t\t\t\t\t\t<\/div>\n\t\t<div class=\"elementor-element elementor-element-106f568 e-con-full e-flex e-con e-child\" data-id=\"106f568\" data-element_type=\"container\" data-e-type=\"container\">\n\t\t\t\t<div class=\"elementor-element elementor-element-6e9f2f9 elementor-widget elementor-widget-button\" data-id=\"6e9f2f9\" data-element_type=\"widget\" data-e-type=\"widget\" data-widget_type=\"button.default\">\n\t\t\t\t\t\t\t\t\t\t<a class=\"elementor-button elementor-size-sm\" role=\"button\">\n\t\t\t\t\t\t<span class=\"elementor-button-content-wrapper\">\n\t\t\t\t\t\t<span class=\"elementor-button-icon\">\n\t\t\t\t<svg aria-hidden=\"true\" class=\"e-font-icon-svg e-fas-arrow-right\" viewbox=\"0 0 448 512\" xmlns=\"http:\/\/www.w3.org\/2000\/svg\"><path d=\"M190.5 66.9l22.2-22.2c9.4-9.4 24.6-9.4 33.9 0L441 239c9.4 9.4 9.4 24.6 0 33.9L246.6 467.3c-9.4 9.4-24.6 9.4-33.9 0l-22.2-22.2c-9.5-9.5-9.3-25 .4-34.3L311.4 296H24c-13.3 0-24-10.7-24-24v-32c0-13.3 10.7-24 24-24h287.4L190.9 101.2c-9.8-9.3-10-24.8-.4-34.3z\"><\/path><\/svg>\t\t\t<\/span>\n\t\t\t\t\t\t\t\t\t<span class=\"elementor-button-text\">DESCARGAR CV<\/span>\n\t\t\t\t\t<\/span>\n\t\t\t\t\t<\/a>\n\t\t\t\t\t\t\t\t<\/div>\n\t\t\t\t<div class=\"elementor-element elementor-element-1cd434d elementor-view-default elementor-widget elementor-widget-icon\" data-id=\"1cd434d\" data-element_type=\"widget\" data-e-type=\"widget\" data-widget_type=\"icon.default\">\n\t\t\t\t\t\t\t<div class=\"elementor-icon-wrapper\">\n\t\t\t<a class=\"elementor-icon\" href=\"https:\/\/www.linkedin.com\/in\/elizabeth-salas-jim%C3%A9nez-016679a8\/\" target=\"_blank\">\n\t\t\t<svg xmlns=\"http:\/\/www.w3.org\/2000\/svg\" width=\"30\" height=\"30\" viewbox=\"0 0 30 30\" fill=\"none\"><path d=\"M29.1406 17.4008V29.1618H23.2203V19.6399C23.2055 17.8743 23.1336 15.3907 20.9976 14.9336C20.3172 14.7883 19.6305 14.8164 18.957 14.9868C17.0328 15.4735 16.65 17.4586 16.5828 19.193L16.5812 29.1641L10.6594 29.161V10.1133L16.3406 10.1055L16.364 12.7571C17.6492 10.6008 19.8297 9.57113 22.2703 9.63207C24.9258 9.69769 27.2062 10.5196 28.2961 13.1196C28.7547 14.2141 28.9492 15.3477 29.0601 16.5321C29.0883 16.8352 29.0687 17.136 29.1414 17.4016L29.1406 17.4008Z\" fill=\"#5AEEB7\"><\/path><path d=\"M4.4 0.623413C5.61406 0.827319 6.65313 1.58748 7.11797 2.66404C7.65859 3.91638 7.44062 5.26091 6.60078 6.26951C5.71875 7.32888 4.32578 7.75701 3.0125 7.36404C1.64844 6.95623 0.784375 5.81248 0.546875 4.46873V3.63279C0.80625 2.04841 1.975 0.885132 3.5625 0.623413H4.4Z\" fill=\"#5AEEB7\"><\/path><path d=\"M6.94921 29.157L1.01718 29.1609V10.1102L6.94843 10.1094L6.94921 29.157Z\" fill=\"#5AEEB7\"><\/path><\/svg>\t\t\t<\/a>\n\t\t<\/div>\n\t\t\t\t\t\t<\/div>\n\t\t\t\t<div class=\"elementor-element elementor-element-480e100 elementor-view-default elementor-widget elementor-widget-icon\" data-id=\"480e100\" data-element_type=\"widget\" data-e-type=\"widget\" data-widget_type=\"icon.default\">\n\t\t\t\t\t\t\t<div class=\"elementor-icon-wrapper\">\n\t\t\t<div class=\"elementor-icon\">\n\t\t\t<svg xmlns=\"http:\/\/www.w3.org\/2000\/svg\" width=\"32\" height=\"32\" viewbox=\"0 0 32 32\" fill=\"none\"><g clip-path=\"url(#clip0_2321_743)\"><path d=\"M26.6667 5.33337H5.33335C3.86669 5.33337 2.68002 6.53337 2.68002 8.00004L2.66669 24C2.66669 25.4667 3.86669 26.6667 5.33335 26.6667H16V24H5.33335V10.6667L16 17.3334L26.6667 10.6667V17.3334H29.3334V8.00004C29.3334 6.53337 28.1334 5.33337 26.6667 5.33337ZM16 14.6667L5.33335 8.00004H26.6667L16 14.6667ZM23.12 29.3334L18.4 24.6134L20.28 22.7334L23.1067 25.56L28.76 19.9067L30.6667 21.7867L23.12 29.3334Z\" fill=\"#5AEEB7\"><\/path><\/g><defs><clippath id=\"clip0_2321_743\"><rect width=\"32\" height=\"32\" fill=\"white\"><\/rect><\/clippath><\/defs><\/svg>\t\t\t<\/div>\n\t\t<\/div>\n\t\t\t\t\t\t<\/div>\n\t\t\t\t<\/div>\n\t\t\t\t<\/div>\n\t\t\t\t\t<\/div>\n\t\t\t\t<\/div>\n\t\t<div class=\"elementor-element elementor-element-e51fec6 animated-fast e-flex e-con-boxed elementor-invisible e-con e-parent\" data-id=\"e51fec6\" data-element_type=\"container\" data-e-type=\"container\" id=\"Guillermo-Salcedo-Salas\" data-settings=\"{&quot;animation&quot;:&quot;fadeInUp&quot;}\">\n\t\t\t\t\t<div class=\"e-con-inner\">\n\t\t<div class=\"elementor-element elementor-element-6348399 e-con-full e-flex e-con e-child\" data-id=\"6348399\" data-element_type=\"container\" data-e-type=\"container\">\n\t\t\t\t<div class=\"elementor-element elementor-element-b607996 elementor-widget elementor-widget-image\" data-id=\"b607996\" data-element_type=\"widget\" data-e-type=\"widget\" data-widget_type=\"image.default\">\n\t\t\t\t\t\t\t\t\t\t\t\t\t\t\t<img decoding=\"async\" width=\"750\" height=\"1116\" src=\"https:\/\/salas.com.co\/wp-content\/uploads\/2026\/04\/Guillermo-Salcedo-Salas-perfil.jpg\" class=\"attachment-full size-full wp-image-706\" alt=\"\" srcset=\"https:\/\/salas.com.co\/wp-content\/uploads\/2026\/04\/Guillermo-Salcedo-Salas-perfil.jpg 750w, https:\/\/salas.com.co\/wp-content\/uploads\/2026\/04\/Guillermo-Salcedo-Salas-perfil-202x300.jpg 202w, https:\/\/salas.com.co\/wp-content\/uploads\/2026\/04\/Guillermo-Salcedo-Salas-perfil-688x1024.jpg 688w, https:\/\/salas.com.co\/wp-content\/uploads\/2026\/04\/Guillermo-Salcedo-Salas-perfil-8x12.jpg 8w\" sizes=\"(max-width: 750px) 100vw, 750px\" \/>\t\t\t\t\t\t\t\t\t\t\t\t\t\t\t<\/div>\n\t\t\t\t<\/div>\n\t\t<div class=\"elementor-element elementor-element-ccccc70 e-con-full e-flex e-con e-child\" data-id=\"ccccc70\" data-element_type=\"container\" data-e-type=\"container\" data-settings=\"{&quot;background_background&quot;:&quot;classic&quot;}\">\n\t\t\t\t<div class=\"elementor-element elementor-element-807e20e elementor-widget elementor-widget-heading\" data-id=\"807e20e\" data-element_type=\"widget\" data-e-type=\"widget\" data-widget_type=\"heading.default\">\n\t\t\t\t\t<h2 class=\"elementor-heading-title elementor-size-default\">Guillermo Salcedo Salas<\/h2>\t\t\t\t<\/div>\n\t\t\t\t<div class=\"elementor-element elementor-element-389380c elementor-widget elementor-widget-heading\" data-id=\"389380c\" data-element_type=\"widget\" data-e-type=\"widget\" data-widget_type=\"heading.default\">\n\t\t\t\t\t<h3 class=\"elementor-heading-title elementor-size-default\">Socio<\/h3>\t\t\t\t<\/div>\n\t\t\t\t<div class=\"elementor-element elementor-element-d847fda elementor-widget elementor-widget-text-editor\" data-id=\"d847fda\" data-element_type=\"widget\" data-e-type=\"widget\" data-widget_type=\"text-editor.default\">\n\t\t\t\t\t\t\t\t\t<p><strong>Director de la Pr\u00e1ctica de Arbitraje y Resoluci\u00f3n de Controversias<\/strong><\/p><p>Guillermo Salcedo Salas es el abogado de arbitraje internacional que opera desde Colombia con los est\u00e1ndares, la red y la experiencia de las firmas l\u00edderes de Par\u00eds. M\u00e1s de quince a\u00f1os y m\u00e1s de cuarenta arbitrajes internacionales bajo reglamentos de la CCI, CIADI y CNUDMI, en fases jurisdiccionales, de fondo, anulaci\u00f3n y reconocimiento de laudos, con Estados, entidades p\u00fablicas y empresas privadas como clientes, en sectores de infraestructura, energ\u00eda y mar\u00edtimo-portuario.<br \/><br \/>Admitido en Colombia y en la Barra de Par\u00eds (omitido voluntariamente), y reconocido como \u00e1rbitro en centros de arbitraje internacionales, su pr\u00e1ctica abarca el espectro completo del Arbitraje y la Resoluci\u00f3n de Controversias: arbitraje nacional e internacional, litigios transfronterizos, Dispute Boards, mediaciones y negociaciones estrat\u00e9gicas.<\/p><p>Miembro de la Junta Directiva de la Asociaci\u00f3n Colombiana de Derecho Mar\u00edtimo (ACOLDEMAR) desde 2024 y Vicepresidente para el periodo 2026-2027. Triling\u00fce en espa\u00f1ol, ingl\u00e9s y franc\u00e9s.<\/p>\t\t\t\t\t\t\t\t<\/div>\n\t\t<div class=\"elementor-element elementor-element-240a7ce e-con-full e-flex e-con e-child\" data-id=\"240a7ce\" data-element_type=\"container\" data-e-type=\"container\">\n\t\t\t\t<div class=\"elementor-element elementor-element-d923ead elementor-widget elementor-widget-button\" data-id=\"d923ead\" data-element_type=\"widget\" data-e-type=\"widget\" data-widget_type=\"button.default\">\n\t\t\t\t\t\t\t\t\t\t<a class=\"elementor-button elementor-size-sm\" role=\"button\">\n\t\t\t\t\t\t<span class=\"elementor-button-content-wrapper\">\n\t\t\t\t\t\t<span class=\"elementor-button-icon\">\n\t\t\t\t<svg aria-hidden=\"true\" class=\"e-font-icon-svg e-fas-arrow-right\" viewbox=\"0 0 448 512\" xmlns=\"http:\/\/www.w3.org\/2000\/svg\"><path d=\"M190.5 66.9l22.2-22.2c9.4-9.4 24.6-9.4 33.9 0L441 239c9.4 9.4 9.4 24.6 0 33.9L246.6 467.3c-9.4 9.4-24.6 9.4-33.9 0l-22.2-22.2c-9.5-9.5-9.3-25 .4-34.3L311.4 296H24c-13.3 0-24-10.7-24-24v-32c0-13.3 10.7-24 24-24h287.4L190.9 101.2c-9.8-9.3-10-24.8-.4-34.3z\"><\/path><\/svg>\t\t\t<\/span>\n\t\t\t\t\t\t\t\t\t<span class=\"elementor-button-text\">DESCARGAR CV<\/span>\n\t\t\t\t\t<\/span>\n\t\t\t\t\t<\/a>\n\t\t\t\t\t\t\t\t<\/div>\n\t\t\t\t<div class=\"elementor-element elementor-element-2b89f9f elementor-view-default elementor-widget elementor-widget-icon\" data-id=\"2b89f9f\" data-element_type=\"widget\" data-e-type=\"widget\" data-widget_type=\"icon.default\">\n\t\t\t\t\t\t\t<div class=\"elementor-icon-wrapper\">\n\t\t\t<a class=\"elementor-icon\" href=\"https:\/\/www.linkedin.com\/in\/guillermo-salcedo-salas\/\" target=\"_blank\">\n\t\t\t<svg xmlns=\"http:\/\/www.w3.org\/2000\/svg\" width=\"30\" height=\"30\" viewbox=\"0 0 30 30\" fill=\"none\"><path d=\"M29.1406 17.4008V29.1618H23.2203V19.6399C23.2055 17.8743 23.1336 15.3907 20.9976 14.9336C20.3172 14.7883 19.6305 14.8164 18.957 14.9868C17.0328 15.4735 16.65 17.4586 16.5828 19.193L16.5812 29.1641L10.6594 29.161V10.1133L16.3406 10.1055L16.364 12.7571C17.6492 10.6008 19.8297 9.57113 22.2703 9.63207C24.9258 9.69769 27.2062 10.5196 28.2961 13.1196C28.7547 14.2141 28.9492 15.3477 29.0601 16.5321C29.0883 16.8352 29.0687 17.136 29.1414 17.4016L29.1406 17.4008Z\" fill=\"#5AEEB7\"><\/path><path d=\"M4.4 0.623413C5.61406 0.827319 6.65313 1.58748 7.11797 2.66404C7.65859 3.91638 7.44062 5.26091 6.60078 6.26951C5.71875 7.32888 4.32578 7.75701 3.0125 7.36404C1.64844 6.95623 0.784375 5.81248 0.546875 4.46873V3.63279C0.80625 2.04841 1.975 0.885132 3.5625 0.623413H4.4Z\" fill=\"#5AEEB7\"><\/path><path d=\"M6.94921 29.157L1.01718 29.1609V10.1102L6.94843 10.1094L6.94921 29.157Z\" fill=\"#5AEEB7\"><\/path><\/svg>\t\t\t<\/a>\n\t\t<\/div>\n\t\t\t\t\t\t<\/div>\n\t\t\t\t<div class=\"elementor-element elementor-element-1df25c6 elementor-view-default elementor-widget elementor-widget-icon\" data-id=\"1df25c6\" data-element_type=\"widget\" data-e-type=\"widget\" data-widget_type=\"icon.default\">\n\t\t\t\t\t\t\t<div class=\"elementor-icon-wrapper\">\n\t\t\t<div class=\"elementor-icon\">\n\t\t\t<svg xmlns=\"http:\/\/www.w3.org\/2000\/svg\" width=\"32\" height=\"32\" viewbox=\"0 0 32 32\" fill=\"none\"><g clip-path=\"url(#clip0_2321_743)\"><path d=\"M26.6667 5.33337H5.33335C3.86669 5.33337 2.68002 6.53337 2.68002 8.00004L2.66669 24C2.66669 25.4667 3.86669 26.6667 5.33335 26.6667H16V24H5.33335V10.6667L16 17.3334L26.6667 10.6667V17.3334H29.3334V8.00004C29.3334 6.53337 28.1334 5.33337 26.6667 5.33337ZM16 14.6667L5.33335 8.00004H26.6667L16 14.6667ZM23.12 29.3334L18.4 24.6134L20.28 22.7334L23.1067 25.56L28.76 19.9067L30.6667 21.7867L23.12 29.3334Z\" fill=\"#5AEEB7\"><\/path><\/g><defs><clippath id=\"clip0_2321_743\"><rect width=\"32\" height=\"32\" fill=\"white\"><\/rect><\/clippath><\/defs><\/svg>\t\t\t<\/div>\n\t\t<\/div>\n\t\t\t\t\t\t<\/div>\n\t\t\t\t<\/div>\n\t\t\t\t<\/div>\n\t\t\t\t\t<\/div>\n\t\t\t\t<\/div>\n\t\t\t\t<\/div>","protected":false},"excerpt":{"rendered":"<p>Equipo Detr\u00e1s de cada asunto, un socio que conoce el sector, entiende lo que est\u00e1 en juego para el negocio del cliente, y transforma ese conocimiento en decisiones que generan valor m\u00e1s all\u00e1 de ganar el caso. Elizabeth Salas Socia Fundadora Directora de la Pr\u00e1ctica de Derecho Mar\u00edtimo y Portuario Elizabeth Salas Jim\u00e9nez es la [&hellip;]<\/p>\n","protected":false},"author":1,"featured_media":0,"parent":0,"menu_order":0,"comment_status":"closed","ping_status":"closed","template":"","meta":{"_acf_changed":false,"footnotes":""},"class_list":["post-680","page","type-page","status-publish","hentry"],"acf":[],"_links":{"self":[{"href":"https:\/\/salas.com.co\/en\/wp-json\/wp\/v2\/pages\/680","targetHints":{"allow":["GET"]}}],"collection":[{"href":"https:\/\/salas.com.co\/en\/wp-json\/wp\/v2\/pages"}],"about":[{"href":"https:\/\/salas.com.co\/en\/wp-json\/wp\/v2\/types\/page"}],"author":[{"embeddable":true,"href":"https:\/\/salas.com.co\/en\/wp-json\/wp\/v2\/users\/1"}],"replies":[{"embeddable":true,"href":"https:\/\/salas.com.co\/en\/wp-json\/wp\/v2\/comments?post=680"}],"version-history":[{"count":69,"href":"https:\/\/salas.com.co\/en\/wp-json\/wp\/v2\/pages\/680\/revisions"}],"predecessor-version":[{"id":1094,"href":"https:\/\/salas.com.co\/en\/wp-json\/wp\/v2\/pages\/680\/revisions\/1094"}],"wp:attachment":[{"href":"https:\/\/salas.com.co\/en\/wp-json\/wp\/v2\/media?parent=680"}],"curies":[{"name":"wp","href":"https:\/\/api.w.org\/{rel}","templated":true}]}}