{"id":520,"date":"2026-04-13T23:14:18","date_gmt":"2026-04-13T23:14:18","guid":{"rendered":"https:\/\/salas.com.co\/?page_id=520"},"modified":"2026-04-15T23:38:21","modified_gmt":"2026-04-15T23:38:21","slug":"la-firma","status":"publish","type":"page","link":"https:\/\/salas.com.co\/en\/la-firma\/","title":{"rendered":"La Firma"},"content":{"rendered":"<div data-elementor-type=\"wp-page\" data-elementor-id=\"520\" class=\"elementor elementor-520\" data-elementor-post-type=\"page\">\n\t\t\t\t<div class=\"elementor-element elementor-element-02a051c e-flex e-con-boxed elementor-invisible e-con e-parent\" data-id=\"02a051c\" data-element_type=\"container\" data-e-type=\"container\" data-settings=\"{&quot;background_background&quot;:&quot;classic&quot;,&quot;animation&quot;:&quot;fadeInDown&quot;}\">\n\t\t\t\t\t<div class=\"e-con-inner\">\n\t\t\t\t<div class=\"elementor-element elementor-element-e24c5e9 elementor-widget elementor-widget-heading\" data-id=\"e24c5e9\" data-element_type=\"widget\" data-e-type=\"widget\" data-widget_type=\"heading.default\">\n\t\t\t\t\t<h1 class=\"elementor-heading-title elementor-size-default\">La Firma<\/h1>\t\t\t\t<\/div>\n\t\t\t\t\t<\/div>\n\t\t\t\t<\/div>\n\t\t<div class=\"elementor-element elementor-element-c00bd10 e-flex e-con-boxed elementor-invisible e-con e-parent\" data-id=\"c00bd10\" data-element_type=\"container\" data-e-type=\"container\" data-settings=\"{&quot;animation&quot;:&quot;fadeIn&quot;}\">\n\t\t\t\t\t<div class=\"e-con-inner\">\n\t\t<div class=\"elementor-element elementor-element-ef10b79 e-con-full elementor-hidden-mobile e-flex e-con e-child\" data-id=\"ef10b79\" data-element_type=\"container\" data-e-type=\"container\">\n\t\t\t\t<\/div>\n\t\t<div class=\"elementor-element elementor-element-ba97fee e-con-full e-flex e-con e-child\" data-id=\"ba97fee\" data-element_type=\"container\" data-e-type=\"container\" data-settings=\"{&quot;background_background&quot;:&quot;classic&quot;}\">\n\t\t\t\t<div class=\"elementor-element elementor-element-3714bfd elementor-widget elementor-widget-text-editor\" data-id=\"3714bfd\" data-element_type=\"widget\" data-e-type=\"widget\" data-widget_type=\"text-editor.default\">\n\t\t\t\t\t\t\t\t\t<p>Desde 1993, Salas ha construido un conocimiento que no se improvisa: el dominio del sector, la experiencia acumulada en sus asuntos m\u00e1s complejos, y la capacidad de conducir los asuntos de sus clientes a buen puerto.<\/p>\t\t\t\t\t\t\t\t<\/div>\n\t\t\t\t<\/div>\n\t\t\t\t\t<\/div>\n\t\t\t\t<\/div>\n\t\t<div class=\"elementor-element elementor-element-2b04ce9 animated-fast e-flex e-con-boxed elementor-invisible e-con e-parent\" data-id=\"2b04ce9\" data-element_type=\"container\" data-e-type=\"container\" data-settings=\"{&quot;animation&quot;:&quot;fadeInUp&quot;}\">\n\t\t\t\t\t<div class=\"e-con-inner\">\n\t\t<div class=\"elementor-element elementor-element-172fff0 e-con-full e-flex e-con e-child\" data-id=\"172fff0\" data-element_type=\"container\" data-e-type=\"container\">\n\t\t\t\t<div class=\"elementor-element elementor-element-ebedf21 elementor-widget__width-initial elementor-widget elementor-widget-heading\" data-id=\"ebedf21\" data-element_type=\"widget\" data-e-type=\"widget\" data-widget_type=\"heading.default\">\n\t\t\t\t\t<h2 class=\"elementor-heading-title elementor-size-default\"><i>D\u00e9cadas de especializaci\u00f3n<\/i> transformando conocimiento en soluciones<\/h2>\t\t\t\t<\/div>\n\t\t\t\t<div class=\"elementor-element elementor-element-66b0950 elementor-widget elementor-widget-text-editor\" data-id=\"66b0950\" data-element_type=\"widget\" data-e-type=\"widget\" data-widget_type=\"text-editor.default\">\n\t\t\t\t\t\t\t\t\t<p>La especializaci\u00f3n de la firma en Derecho Mar\u00edtimo y Portuario y en Arbitraje y Resoluci\u00f3n de Controversias es el resultado de d\u00e9cadas de trabajo en los asuntos m\u00e1s complejos de cada sector, transformando ese conocimiento acumulado en soluciones pragm\u00e1ticas.<\/p>\t\t\t\t\t\t\t\t<\/div>\n\t\t<div class=\"elementor-element elementor-element-9f5ef5a e-con-full e-flex e-con e-child\" data-id=\"9f5ef5a\" data-element_type=\"container\" data-e-type=\"container\">\n\t\t<div class=\"elementor-element elementor-element-14a45ee e-con-full e-flex e-con e-child\" data-id=\"14a45ee\" data-element_type=\"container\" data-e-type=\"container\">\n\t\t\t\t<div class=\"elementor-element elementor-element-2d2f5cf elementor-widget elementor-widget-heading\" data-id=\"2d2f5cf\" data-element_type=\"widget\" data-e-type=\"widget\" data-widget_type=\"heading.default\">\n\t\t\t\t\t<h3 class=\"elementor-heading-title elementor-size-default\">+30 a\u00f1os de experiencia<\/h3>\t\t\t\t<\/div>\n\t\t\t\t<div class=\"elementor-element elementor-element-6e0f94c elementor-widget elementor-widget-text-editor\" data-id=\"6e0f94c\" data-element_type=\"widget\" data-e-type=\"widget\" data-widget_type=\"text-editor.default\">\n\t\t\t\t\t\t\t\t\t<p>+40 arbitrajes internacionales<\/p>\t\t\t\t\t\t\t\t<\/div>\n\t\t\t\t<\/div>\n\t\t<div class=\"elementor-element elementor-element-8dd01b6 e-con-full elementor-hidden-mobile e-flex e-con e-child\" data-id=\"8dd01b6\" data-element_type=\"container\" data-e-type=\"container\">\n\t\t\t\t<div class=\"elementor-element elementor-element-c7fdbe3 elementor-widget elementor-widget-image\" data-id=\"c7fdbe3\" data-element_type=\"widget\" data-e-type=\"widget\" data-widget_type=\"image.default\">\n\t\t\t\t\t\t\t\t\t\t\t\t\t\t\t<img decoding=\"async\" width=\"7\" height=\"47\" src=\"https:\/\/salas.com.co\/wp-content\/uploads\/2026\/04\/linea.svg\" class=\"attachment-large size-large wp-image-566\" alt=\"\" \/>\t\t\t\t\t\t\t\t\t\t\t\t\t\t\t<\/div>\n\t\t\t\t<\/div>\n\t\t<div class=\"elementor-element elementor-element-95c3a15 e-con-full e-flex e-con e-child\" data-id=\"95c3a15\" data-element_type=\"container\" data-e-type=\"container\">\n\t\t\t\t<div class=\"elementor-element elementor-element-ee4e09d elementor-widget elementor-widget-heading\" data-id=\"ee4e09d\" data-element_type=\"widget\" data-e-type=\"widget\" data-widget_type=\"heading.default\">\n\t\t\t\t\t<h3 class=\"elementor-heading-title elementor-size-default\">Pr\u00e1ctica Internacional<\/h3>\t\t\t\t<\/div>\n\t\t\t\t<div class=\"elementor-element elementor-element-81c58bb elementor-widget elementor-widget-text-editor\" data-id=\"81c58bb\" data-element_type=\"widget\" data-e-type=\"widget\" data-widget_type=\"text-editor.default\">\n\t\t\t\t\t\t\t\t\t<p>desde colombia para el mundo<\/p>\t\t\t\t\t\t\t\t<\/div>\n\t\t\t\t<\/div>\n\t\t\t\t<\/div>\n\t\t<div class=\"elementor-element elementor-element-9cc609d e-con-full e-flex e-con e-child\" data-id=\"9cc609d\" data-element_type=\"container\" data-e-type=\"container\">\n\t\t\t\t<div class=\"elementor-element elementor-element-ff8581c elementor-widget elementor-widget-heading\" data-id=\"ff8581c\" data-element_type=\"widget\" data-e-type=\"widget\" data-widget_type=\"heading.default\">\n\t\t\t\t\t<h3 class=\"elementor-heading-title elementor-size-default\">Conocimiento que no se delega<\/h3>\t\t\t\t<\/div>\n\t\t\t\t<div class=\"elementor-element elementor-element-a9d8b94 elementor-widget elementor-widget-text-editor\" data-id=\"a9d8b94\" data-element_type=\"widget\" data-e-type=\"widget\" data-widget_type=\"text-editor.default\">\n\t\t\t\t\t\t\t\t\t<p>El socio, siempre<\/p>\t\t\t\t\t\t\t\t<\/div>\n\t\t\t\t<\/div>\n\t\t\t\t<\/div>\n\t\t<div class=\"elementor-element elementor-element-206d879 e-con-full e-flex e-con e-child\" data-id=\"206d879\" data-element_type=\"container\" data-e-type=\"container\" data-settings=\"{&quot;background_background&quot;:&quot;classic&quot;}\">\n\t\t\t\t<div class=\"elementor-element elementor-element-71d3ba8 elementor-widget elementor-widget-image\" data-id=\"71d3ba8\" data-element_type=\"widget\" data-e-type=\"widget\" data-widget_type=\"image.default\">\n\t\t\t\t\t\t\t\t\t\t\t\t\t\t\t<img fetchpriority=\"high\" decoding=\"async\" width=\"1058\" height=\"651\" src=\"https:\/\/salas.com.co\/wp-content\/uploads\/2026\/04\/socios.png\" class=\"attachment-full size-full wp-image-542\" alt=\"\" srcset=\"https:\/\/salas.com.co\/wp-content\/uploads\/2026\/04\/socios.png 1058w, https:\/\/salas.com.co\/wp-content\/uploads\/2026\/04\/socios-300x185.png 300w, https:\/\/salas.com.co\/wp-content\/uploads\/2026\/04\/socios-1024x630.png 1024w, https:\/\/salas.com.co\/wp-content\/uploads\/2026\/04\/socios-768x473.png 768w, https:\/\/salas.com.co\/wp-content\/uploads\/2026\/04\/socios-18x12.png 18w\" sizes=\"(max-width: 1058px) 100vw, 1058px\" \/>\t\t\t\t\t\t\t\t\t\t\t\t\t\t\t<\/div>\n\t\t\t\t<\/div>\n\t\t\t\t\t<\/div>\n\t\t\t\t<\/div>\n\t\t<div class=\"elementor-element elementor-element-8bd2bb6 animated-fast e-flex e-con-boxed elementor-invisible e-con e-parent\" data-id=\"8bd2bb6\" data-element_type=\"container\" data-e-type=\"container\" data-settings=\"{&quot;background_background&quot;:&quot;classic&quot;,&quot;animation&quot;:&quot;fadeInUp&quot;}\">\n\t\t\t\t\t<div class=\"e-con-inner\">\n\t\t\t\t<div class=\"elementor-element elementor-element-2875d1c elementor-widget__width-initial elementor-widget elementor-widget-heading\" data-id=\"2875d1c\" data-element_type=\"widget\" data-e-type=\"widget\" data-widget_type=\"heading.default\">\n\t\t\t\t\t<h2 class=\"elementor-heading-title elementor-size-default\"><i>Conocimiento que transforma<\/i> en todos los frentes<\/h2>\t\t\t\t<\/div>\n\t\t\t\t\t<\/div>\n\t\t\t\t<\/div>\n\t\t<div class=\"elementor-element elementor-element-31721d6 animated-fast e-flex e-con-boxed elementor-invisible e-con e-parent\" data-id=\"31721d6\" data-element_type=\"container\" data-e-type=\"container\" data-settings=\"{&quot;animation&quot;:&quot;fadeInUp&quot;}\">\n\t\t\t\t\t<div class=\"e-con-inner\">\n\t\t<div class=\"elementor-element elementor-element-544485a e-con-full e-flex e-con e-child\" data-id=\"544485a\" data-element_type=\"container\" data-e-type=\"container\" data-settings=\"{&quot;background_background&quot;:&quot;classic&quot;}\">\n\t\t\t\t<div class=\"elementor-element elementor-element-caefbc9 elementor-view-default elementor-widget elementor-widget-icon\" data-id=\"caefbc9\" data-element_type=\"widget\" data-e-type=\"widget\" data-widget_type=\"icon.default\">\n\t\t\t\t\t\t\t<div class=\"elementor-icon-wrapper\">\n\t\t\t<div class=\"elementor-icon\">\n\t\t\t<svg xmlns=\"http:\/\/www.w3.org\/2000\/svg\" width=\"48\" height=\"48\" viewbox=\"0 0 48 48\" fill=\"none\"><rect width=\"48\" height=\"48\" rx=\"4\" fill=\"#EBFFFF\"><\/rect><path d=\"M14 33.5V31.5H23V20.325C22.5667 20.175 22.1917 19.9417 21.875 19.625C21.5583 19.3083 21.325 18.9333 21.175 18.5H18L21 25.5C21 26.3333 20.6583 27.0417 19.975 27.625C19.2917 28.2083 18.4667 28.5 17.5 28.5C16.5333 28.5 15.7083 28.2083 15.025 27.625C14.3417 27.0417 14 26.3333 14 25.5L17 18.5H15V16.5H21.175C21.375 15.9167 21.7333 15.4375 22.25 15.0625C22.7667 14.6875 23.35 14.5 24 14.5C24.65 14.5 25.2333 14.6875 25.75 15.0625C26.2667 15.4375 26.625 15.9167 26.825 16.5H33V18.5H31L34 25.5C34 26.3333 33.6583 27.0417 32.975 27.625C32.2917 28.2083 31.4667 28.5 30.5 28.5C29.5333 28.5 28.7083 28.2083 28.025 27.625C27.3417 27.0417 27 26.3333 27 25.5L30 18.5H26.825C26.675 18.9333 26.4417 19.3083 26.125 19.625C25.8083 19.9417 25.4333 20.175 25 20.325V31.5H34V33.5H14ZM28.625 25.5H32.375L30.5 21.15L28.625 25.5ZM15.625 25.5H19.375L17.5 21.15L15.625 25.5ZM24 18.5C24.2833 18.5 24.5208 18.4042 24.7125 18.2125C24.9042 18.0208 25 17.7833 25 17.5C25 17.2167 24.9042 16.9792 24.7125 16.7875C24.5208 16.5958 24.2833 16.5 24 16.5C23.7167 16.5 23.4792 16.5958 23.2875 16.7875C23.0958 16.9792 23 17.2167 23 17.5C23 17.7833 23.0958 18.0208 23.2875 18.2125C23.4792 18.4042 23.7167 18.5 24 18.5Z\" fill=\"#00BFFF\"><\/path><\/svg>\t\t\t<\/div>\n\t\t<\/div>\n\t\t\t\t\t\t<\/div>\n\t\t\t\t<div class=\"elementor-element elementor-element-536d071 elementor-widget elementor-widget-text-editor\" data-id=\"536d071\" data-element_type=\"widget\" data-e-type=\"widget\" data-widget_type=\"text-editor.default\">\n\t\t\t\t\t\t\t\t\t<p>Fundada por quien particip\u00f3 directamente en el desarrollo del marco normativo mar\u00edtimo colombiano y en la estructuraci\u00f3n de las concesiones portuarias de mayor impacto en el pa\u00eds, la Pr\u00e1ctica de Derecho Mar\u00edtimo y Portuario de Salas tiene m\u00e1s de tres d\u00e9cadas de dominio del sector, sus actores y su regulaci\u00f3n, con una fortaleza consolidada en concesiones mar\u00edtimas y portuarias que la posiciona como la referencia en Colombia.<\/p>\t\t\t\t\t\t\t\t<\/div>\n\t\t\t\t<\/div>\n\t\t<div class=\"elementor-element elementor-element-0cff65d e-con-full e-flex e-con e-child\" data-id=\"0cff65d\" data-element_type=\"container\" data-e-type=\"container\" data-settings=\"{&quot;background_background&quot;:&quot;classic&quot;}\">\n\t\t\t\t<div class=\"elementor-element elementor-element-a146d4b elementor-view-default elementor-widget elementor-widget-icon\" data-id=\"a146d4b\" data-element_type=\"widget\" data-e-type=\"widget\" data-widget_type=\"icon.default\">\n\t\t\t\t\t\t\t<div class=\"elementor-icon-wrapper\">\n\t\t\t<div class=\"elementor-icon\">\n\t\t\t<svg xmlns=\"http:\/\/www.w3.org\/2000\/svg\" width=\"48\" height=\"48\" viewbox=\"0 0 48 48\" fill=\"none\"><rect width=\"48\" height=\"48\" rx=\"4\" fill=\"#CFFAFE\" fill-opacity=\"0.7\"><\/rect><path d=\"M24 28.5C25.25 28.5 26.3125 28.0625 27.1875 27.1875C28.0625 26.3125 28.5 25.25 28.5 24C28.5 22.75 28.0625 21.6875 27.1875 20.8125C26.3125 19.9375 25.25 19.5 24 19.5C22.75 19.5 21.6875 19.9375 20.8125 20.8125C19.9375 21.6875 19.5 22.75 19.5 24C19.5 25.25 19.9375 26.3125 20.8125 27.1875C21.6875 28.0625 22.75 28.5 24 28.5ZM24 26.7C23.25 26.7 22.6125 26.4375 22.0875 25.9125C21.5625 25.3875 21.3 24.75 21.3 24C21.3 23.25 21.5625 22.6125 22.0875 22.0875C22.6125 21.5625 23.25 21.3 24 21.3C24.75 21.3 25.3875 21.5625 25.9125 22.0875C26.4375 22.6125 26.7 23.25 26.7 24C26.7 24.75 26.4375 25.3875 25.9125 25.9125C25.3875 26.4375 24.75 26.7 24 26.7ZM24 31.5C21.5667 31.5 19.35 30.8208 17.35 29.4625C15.35 28.1042 13.9 26.2833 13 24C13.9 21.7167 15.35 19.8958 17.35 18.5375C19.35 17.1792 21.5667 16.5 24 16.5C26.4333 16.5 28.65 17.1792 30.65 18.5375C32.65 19.8958 34.1 21.7167 35 24C34.1 26.2833 32.65 28.1042 30.65 29.4625C28.65 30.8208 26.4333 31.5 24 31.5Z\" fill=\"#00BFFF\"><\/path><\/svg>\t\t\t<\/div>\n\t\t<\/div>\n\t\t\t\t\t\t<\/div>\n\t\t\t\t<div class=\"elementor-element elementor-element-b7a5fc3 elementor-widget elementor-widget-text-editor\" data-id=\"b7a5fc3\" data-element_type=\"widget\" data-e-type=\"widget\" data-widget_type=\"text-editor.default\">\n\t\t\t\t\t\t\t\t\t<p>Con admisi\u00f3n profesional en Colombia y Francia y pr\u00e1ctica triling\u00fce en espa\u00f1ol, ingl\u00e9s y franc\u00e9s, m\u00e1s de quince a\u00f1os y m\u00e1s de cuarenta arbitrajes internacionales bajo reglas CCI, CIADI y CNUDMI dan a la Pr\u00e1ctica de Arbitraje y Resoluci\u00f3n de Controversias de Salas una dimensi\u00f3n que pocas firmas de la regi\u00f3n pueden ofrecer.<\/p>\t\t\t\t\t\t\t\t<\/div>\n\t\t\t\t<\/div>\n\t\t\t\t\t<\/div>\n\t\t\t\t<\/div>\n\t\t<div class=\"elementor-element elementor-element-2d3c8e5 animated-fast e-flex e-con-boxed elementor-invisible e-con e-parent\" data-id=\"2d3c8e5\" data-element_type=\"container\" data-e-type=\"container\" data-settings=\"{&quot;animation&quot;:&quot;fadeInUp&quot;}\">\n\t\t\t\t\t<div class=\"e-con-inner\">\n\t\t<div class=\"elementor-element elementor-element-9c16208 e-con-full e-flex e-con e-child\" data-id=\"9c16208\" data-element_type=\"container\" data-e-type=\"container\" data-settings=\"{&quot;background_background&quot;:&quot;classic&quot;}\">\n\t\t<div class=\"elementor-element elementor-element-693cb85 e-con-full e-flex e-con e-child\" data-id=\"693cb85\" data-element_type=\"container\" data-e-type=\"container\">\n\t\t\t\t<div class=\"elementor-element elementor-element-4255a1f elementor-widget elementor-widget-text-editor\" data-id=\"4255a1f\" data-element_type=\"widget\" data-e-type=\"widget\" data-widget_type=\"text-editor.default\">\n\t\t\t\t\t\t\t\t\t<p>Salas integra herramientas de investigaci\u00f3n jur\u00eddica internacional y gesti\u00f3n de asuntos de primer nivel para liberar lo que realmente importa al cliente: la atenci\u00f3n de los socios concentrada en la estrategia legal. El cliente de Salas trabaja directamente con los socios, desde el primer d\u00eda hasta la resoluci\u00f3n del asunto.<\/p>\t\t\t\t\t\t\t\t<\/div>\n\t\t\t\t<\/div>\n\t\t\t\t<\/div>\n\t\t<div class=\"elementor-element elementor-element-2e891fa e-con-full e-flex e-con e-child\" data-id=\"2e891fa\" data-element_type=\"container\" data-e-type=\"container\" data-settings=\"{&quot;background_background&quot;:&quot;classic&quot;}\">\n\t\t\t\t<div class=\"elementor-element elementor-element-40f7960 elementor-widget elementor-widget-image\" data-id=\"40f7960\" data-element_type=\"widget\" data-e-type=\"widget\" data-widget_type=\"image.default\">\n\t\t\t\t\t\t\t\t\t\t\t\t\t\t\t<img decoding=\"async\" width=\"876\" height=\"562\" src=\"https:\/\/salas.com.co\/wp-content\/uploads\/2026\/04\/servicios-socios.png\" class=\"attachment-full size-full wp-image-614\" alt=\"\" srcset=\"https:\/\/salas.com.co\/wp-content\/uploads\/2026\/04\/servicios-socios.png 876w, https:\/\/salas.com.co\/wp-content\/uploads\/2026\/04\/servicios-socios-300x192.png 300w, https:\/\/salas.com.co\/wp-content\/uploads\/2026\/04\/servicios-socios-768x493.png 768w, https:\/\/salas.com.co\/wp-content\/uploads\/2026\/04\/servicios-socios-18x12.png 18w\" sizes=\"(max-width: 876px) 100vw, 876px\" \/>\t\t\t\t\t\t\t\t\t\t\t\t\t\t\t<\/div>\n\t\t\t\t<\/div>\n\t\t\t\t\t<\/div>\n\t\t\t\t<\/div>\n\t\t<div class=\"elementor-element elementor-element-a867390 animated-fast e-flex e-con-boxed elementor-invisible e-con e-parent\" data-id=\"a867390\" data-element_type=\"container\" data-e-type=\"container\" data-settings=\"{&quot;animation&quot;:&quot;fadeInUp&quot;}\">\n\t\t\t\t\t<div class=\"e-con-inner\">\n\t\t<div class=\"elementor-element elementor-element-d457026 e-con-full e-flex e-con e-child\" data-id=\"d457026\" data-element_type=\"container\" data-e-type=\"container\" data-settings=\"{&quot;background_background&quot;:&quot;classic&quot;}\">\n\t\t\t\t<div class=\"elementor-element elementor-element-b0070e1 elementor-widget elementor-widget-heading\" data-id=\"b0070e1\" data-element_type=\"widget\" data-e-type=\"widget\" data-widget_type=\"heading.default\">\n\t\t\t\t\t<h3 class=\"elementor-heading-title elementor-size-default\">\u00a1Hablemos!<\/h3>\t\t\t\t<\/div>\n\t\t\t\t<div class=\"elementor-element elementor-element-65c25f8 elementor-widget elementor-widget-text-editor\" data-id=\"65c25f8\" data-element_type=\"widget\" data-e-type=\"widget\" data-widget_type=\"text-editor.default\">\n\t\t\t\t\t\t\t\t\t<p>Derecho Mar\u00edtimo y Portuario. Arbitraje y Resoluci\u00f3n de Controversias. Cu\u00e9ntenos qu\u00e9 necesita.<\/p>\t\t\t\t\t\t\t\t<\/div>\n\t\t\t\t<\/div>\n\t\t<div class=\"elementor-element elementor-element-b82ccc9 e-con-full e-flex e-con e-child\" data-id=\"b82ccc9\" data-element_type=\"container\" data-e-type=\"container\" data-settings=\"{&quot;background_background&quot;:&quot;classic&quot;}\">\n\t\t\t\t<div class=\"elementor-element elementor-element-4f3fd65 elementor-widget elementor-widget-image\" data-id=\"4f3fd65\" data-element_type=\"widget\" data-e-type=\"widget\" data-widget_type=\"image.default\">\n\t\t\t\t\t\t\t\t\t\t\t\t\t\t\t<img loading=\"lazy\" decoding=\"async\" width=\"512\" height=\"512\" src=\"https:\/\/salas.com.co\/wp-content\/uploads\/2026\/03\/fav.png\" class=\"attachment-full size-full wp-image-15\" alt=\"\" srcset=\"https:\/\/salas.com.co\/wp-content\/uploads\/2026\/03\/fav.png 512w, https:\/\/salas.com.co\/wp-content\/uploads\/2026\/03\/fav-300x300.png 300w, https:\/\/salas.com.co\/wp-content\/uploads\/2026\/03\/fav-150x150.png 150w\" sizes=\"(max-width: 512px) 100vw, 512px\" \/>\t\t\t\t\t\t\t\t\t\t\t\t\t\t\t<\/div>\n\t\t\t\t<div class=\"elementor-element elementor-element-c9d1b04 elementor-widget elementor-widget-button\" data-id=\"c9d1b04\" data-element_type=\"widget\" data-e-type=\"widget\" data-widget_type=\"button.default\">\n\t\t\t\t\t\t\t\t\t\t<a class=\"elementor-button elementor-button-link elementor-size-sm\" href=\"#\">\n\t\t\t\t\t\t<span class=\"elementor-button-content-wrapper\">\n\t\t\t\t\t\t<span class=\"elementor-button-icon\">\n\t\t\t\t<svg aria-hidden=\"true\" class=\"e-font-icon-svg e-fas-arrow-right\" viewbox=\"0 0 448 512\" xmlns=\"http:\/\/www.w3.org\/2000\/svg\"><path d=\"M190.5 66.9l22.2-22.2c9.4-9.4 24.6-9.4 33.9 0L441 239c9.4 9.4 9.4 24.6 0 33.9L246.6 467.3c-9.4 9.4-24.6 9.4-33.9 0l-22.2-22.2c-9.5-9.5-9.3-25 .4-34.3L311.4 296H24c-13.3 0-24-10.7-24-24v-32c0-13.3 10.7-24 24-24h287.4L190.9 101.2c-9.8-9.3-10-24.8-.4-34.3z\"><\/path><\/svg>\t\t\t<\/span>\n\t\t\t\t\t\t\t\t\t<span class=\"elementor-button-text\">AGENDAR CONSULTA<\/span>\n\t\t\t\t\t<\/span>\n\t\t\t\t\t<\/a>\n\t\t\t\t\t\t\t\t<\/div>\n\t\t\t\t<\/div>\n\t\t\t\t\t<\/div>\n\t\t\t\t<\/div>\n\t\t\t\t<\/div>","protected":false},"excerpt":{"rendered":"<p>La Firma Desde 1993, Salas ha construido un conocimiento que no se improvisa: el dominio del sector, la experiencia acumulada en sus asuntos m\u00e1s complejos, y la capacidad de conducir los asuntos de sus clientes a buen puerto. D\u00e9cadas de especializaci\u00f3n transformando conocimiento en soluciones La especializaci\u00f3n de la firma en Derecho Mar\u00edtimo y Portuario [&hellip;]<\/p>\n","protected":false},"author":1,"featured_media":0,"parent":0,"menu_order":0,"comment_status":"closed","ping_status":"closed","template":"","meta":{"_acf_changed":false,"footnotes":""},"class_list":["post-520","page","type-page","status-publish","hentry"],"acf":[],"_links":{"self":[{"href":"https:\/\/salas.com.co\/en\/wp-json\/wp\/v2\/pages\/520","targetHints":{"allow":["GET"]}}],"collection":[{"href":"https:\/\/salas.com.co\/en\/wp-json\/wp\/v2\/pages"}],"about":[{"href":"https:\/\/salas.com.co\/en\/wp-json\/wp\/v2\/types\/page"}],"author":[{"embeddable":true,"href":"https:\/\/salas.com.co\/en\/wp-json\/wp\/v2\/users\/1"}],"replies":[{"embeddable":true,"href":"https:\/\/salas.com.co\/en\/wp-json\/wp\/v2\/comments?post=520"}],"version-history":[{"count":109,"href":"https:\/\/salas.com.co\/en\/wp-json\/wp\/v2\/pages\/520\/revisions"}],"predecessor-version":[{"id":1018,"href":"https:\/\/salas.com.co\/en\/wp-json\/wp\/v2\/pages\/520\/revisions\/1018"}],"wp:attachment":[{"href":"https:\/\/salas.com.co\/en\/wp-json\/wp\/v2\/media?parent=520"}],"curies":[{"name":"wp","href":"https:\/\/api.w.org\/{rel}","templated":true}]}}